{"id":405,"date":"2019-02-08T09:35:20","date_gmt":"2019-02-08T08:35:20","guid":{"rendered":"https:\/\/pedroirustamendieta.com\/pribatutasun-politika\/"},"modified":"2024-12-25T23:01:20","modified_gmt":"2024-12-25T22:01:20","slug":"pribatutasun-politika","status":"publish","type":"page","link":"https:\/\/pedroirustamendieta.com\/eu\/pribatutasun-politika\/","title":{"rendered":"Pribatutasun politika"},"content":{"rendered":"<p>En cumplimiento de lo establecido en la\u00a0<a href=\"https:\/\/es.wikipedia.org\/wiki\/Ley_Org%C3%A1nica_de_Protecci%C3%B3n_de_Datos_de_Car%C3%A1cter_Personal_(Espa%C3%B1a)\" target=\"_blank\" rel=\"nofollow noopener\">Ley Org\u00e1nica de Protecci\u00f3n de Datos de Car\u00e1cter Personal<\/a>\u00a0y el Reglamento (UE) 2016\/679 del Parlamento Europeo y del Consejo le informamos que mediante la cumplimentaci\u00f3n de los formularios presentes en la website pedroirustamendieta.com est\u00e1 dando el consentimiento expreso,\u00a0 as\u00ed como de todos los datos de car\u00e1cter personal que proporcione el\/la usuario\/a en el website, a que \u00e9stos queden incorporados y sean tratados en el fichero creado al efecto y mantenido bajo la responsabilidad del titular.<\/p>\n<ol>\n<li><strong>\u00bfQui\u00e9n es el Responsable del tratamiento de tus datos?<\/strong><\/li>\n<\/ol>\n<p>Titular: Pedro Irusta Mendieta<\/p>\n<p>DNI: 44___628T<\/p>\n<p>Direcci\u00f3n Postal: 20600 Eibar (Gipuzkoa)<\/p>\n<p>Correo electr\u00f3nico:\u00a0<u>info@pedroirustamendieta.com<\/u><\/p>\n<ol start=\"2\">\n<li><strong> \u00bfCon qu\u00e9 finalidad tratamos tus datos personales?<\/strong><\/li>\n<\/ol>\n<ul>\n<li>Suscripci\u00f3n a la p\u00e1gina para recibir las nuevas entradas del blog. La suscripci\u00f3n se realiza mediante la cumplimentaci\u00f3n del formulario de newsletter. El tiempo de conservaci\u00f3n ser\u00e1 mientras dure el tratamiento, salvo que el usuario ejerza sus derechos de cancelaci\u00f3n antes.<\/li>\n<li>An\u00e1lisis, gesti\u00f3n y resoluci\u00f3n de consultas a trav\u00e9s del formulario de contacto. El tiempo de conservaci\u00f3n ser\u00e1 mientras dure el tratamiento para la gesti\u00f3n de las consultas.<\/li>\n<li>Recogida y tratamiento automatizado de los datos personales, como consecuencia de la navegaci\u00f3n por las p\u00e1ginas del website (pol\u00edtica de cookies)<\/li>\n<li>Recogida y tratamiento automatizado de los datos personales como consecuencia de la consulta, solicitud o suscripci\u00f3n. El tiempo de conservaci\u00f3n ser\u00e1 mientras dure el tratamiento.<\/li>\n<li>Comentarios que las personas usuarias publiquen en los art\u00edculos. El tiempo de conservaci\u00f3n ser\u00e1 mientras dure el tratamiento.<\/li>\n<\/ul>\n<ol start=\"3\">\n<li><strong> \u00bfCu\u00e1l es la legitimaci\u00f3n para el tratamiento de tus datos?<\/strong><\/li>\n<\/ol>\n<p>La base legal para el tratamiento de tus datos es: poder responder tus consultas, poder responder tus comentarios en el blog, poder responder a los emails que puedas enviar directamente o v\u00eda formulario web. La base legal para el tratamiento de datos se basa en el consentimiento. Ruego me comuniques cualquier variaci\u00f3n que pueda darse en los datos facilitados.<\/p>\n<p>En caso de no facilitar los datos requeridos, los servicios de la p\u00e1gina web podr\u00edan no estar disponibles en su totalidad. El hecho de no facilitar el correo electr\u00f3nico, requisito para la suscripci\u00f3n a la newsletter, o su incorrecta transcripci\u00f3n en el formulario, impedir\u00eda realizar las comunicaciones que constituyen su finalidad (al no poderlas recibir el usuario). De no facilitar los datos requeridos en el formulario de contacto (nombre, email, asunto y mensaje), no se podr\u00edan llevar a cabo de forma satisfactoria los servicios solicitados. La negaci\u00f3n a aceptar la pol\u00edtica de cookies podr\u00eda suponer la p\u00e9rdida de funcionalidades de la p\u00e1gina web.<\/p>\n<p>Pedro Irusta Mendieta no se hace responsable de la cesi\u00f3n de datos de terceros que no hayan prestado su consentimiento ni tengan conocimiento de los contenidos de la presente cl\u00e1usula, siendo responsabilidad de la persona que cede dichos datos.<\/p>\n<p>El Usuario certifica que es mayor de 14 a\u00f1os y que por lo tanto posee la capacidad legal necesaria para la prestaci\u00f3n del consentimiento en cuenta al tratamiento de sus datos de car\u00e1cter personal y todo ello, de conformidad con lo establecido en la presente Pol\u00edtica de Privacidad.<\/p>\n<p>4<strong>. \u00bfA qu\u00e9 destinatarios se comunicar\u00e1n tus datos?<\/strong><\/p>\n<p>El titular se compromete a que, estos datos personales no ser\u00e1n compartidos o cedidos a terceros sin el consentimiento expreso de los usuarios. La prestaci\u00f3n de ciertos servicios, no obstante, puede requerir de transferencias de datos a terceros pa\u00edses o a otras entidades para la realizaci\u00f3n de un servicio (por ejemplo, la gesti\u00f3n de los boletines electr\u00f3nicos por medio de Mailchimp)<strong>.\u00a0<\/strong>En estos casos, se garantiza su alojamiento en pa\u00edses de la Uni\u00f3n Europea (y por tanto el cumplimiento del Reglamento General de Protecci\u00f3n de Datos europeo) o que est\u00e9n acogidos al acuerdo EU-US Privacy Shield, aprobado por el Comit\u00e9 Europeo de Protecci\u00f3n de Datos.\u00a0 (consulta la informaci\u00f3n aqu\u00ed:\u00a0<a href=\"https:\/\/www.privacyshield.gov\/list\" target=\"_blank\" rel=\"nofollow noopener\"><strong>https:\/\/www.privacyshield.gov\/list<\/strong><\/a>).\u00a0 En ning\u00fan caso la transferencia de esos datos implicar\u00e1 un uso que exceda el consentimiento expresado a los fines y condiciones presentes en esta pol\u00edtica de privacidad.<strong>\u00a0<\/strong><\/p>\n<ol start=\"5\">\n<li><strong> \u00bfCu\u00e1les son tus derechos cuando nos facilitas tus datos?<\/strong><\/li>\n<\/ol>\n<p>La persona usuario cuenta, en todo momento, con la posibilidad de ejercitar los derechos de acceso, rectificaci\u00f3n, cancelaci\u00f3n y oposici\u00f3n sobre sus datos personales enviando comunicaci\u00f3n dirigida al propietario de la web\u00a0a la direcci\u00f3n de correo electr\u00f3nico <a href=\"mailto:info@pedroirustamendieta.com\" target=\"_blank\" rel=\"nofolloow noopener\">info@pedroirustamendieta.com\u00a0<\/a>o a trav\u00e9s del formulario de la web.<\/p>\n<p>Asimismo, tienes derecho a presentar una reclamaci\u00f3n ante la Agencia Espa\u00f1ola de Protecci\u00f3n de Datos, especialmente si no se te ha satisfecho en el ejercicio de tus derechos. Para ello, deber\u00e1s acceder a la sede electr\u00f3nica en\u00a0<a href=\"http:\/\/www.agpd.es\/\">www.agpd.es<\/a>\u00a0y seguir las instrucciones que se indican.<\/p>\n<ol start=\"6\">\n<li><strong> Generalidades<\/strong><\/li>\n<\/ol>\n<p>El consentimiento expreso manifestado al rellenar el formulario de inscripci\u00f3n, comprende tambi\u00e9n lo siguiente:<\/p>\n<p>Pedro Irusta Mendieta se reserva el derecho a subcontratar a empleados para la prestaci\u00f3n de servicios de diversa \u00edndole con la finalidad de un conveniente desarrollo y organizaci\u00f3n.<\/p>\n<p>Del mismo modo, se reserva el derecho a contratar a terceros para el tratamiento y gesti\u00f3n de las cuestiones de \u00e1mbito legislativo o fiscal en general y, de lo relativo a protecci\u00f3n de datos en concreto. En todos estos casos, Pedro Irusta Mendieta, obligar\u00e1 a la empresa contratada y\/o profesional particular y a los encargados de la gesti\u00f3n del tratamiento de los datos personales cedidos, a firmar un documento de confidencialidad de datos personales para asegurar la privacidad de esta informaci\u00f3n.<\/p>\n<p>El usuario consiente en que se cedan sus datos personales cuando as\u00ed sea requerido por las Autoridades administrativas competentes o por mandato judicial.<\/p>\n<p><strong>El\/La Usuario\/a autoriza al tratamiento de los datos personales cedidos al titular en los t\u00e9rminos establecidos en la presente cl\u00e1usula.<\/strong><\/p>\n","protected":false},"excerpt":{"rendered":"<p>En cumplimiento de lo establecido en la\u00a0Ley Org\u00e1nica de Protecci\u00f3n de Datos de Car\u00e1cter Personal\u00a0y el Reglamento (UE) 2016\/679 del Parlamento Europeo y del Consejo le informamos que mediante la cumplimentaci\u00f3n de los formularios presentes en la website pedroirustamendieta.com est\u00e1 dando el consentimiento expreso,\u00a0 as\u00ed como de todos los datos de car\u00e1cter personal que proporcione &#8230; <a title=\"Pribatutasun politika\" class=\"read-more\" href=\"https:\/\/pedroirustamendieta.com\/eu\/pribatutasun-politika\/\" aria-label=\"More on Pribatutasun politika\">Irakurri gehiago<\/a><\/p>\n","protected":false},"author":2,"featured_media":0,"parent":0,"menu_order":0,"comment_status":"closed","ping_status":"closed","template":"","meta":{"episode_type":"","audio_file":"","podmotor_file_id":"","podmotor_episode_id":"","cover_image":"","cover_image_id":"","duration":"","filesize":"","filesize_raw":"","date_recorded":"","explicit":"","block":"","footnotes":""},"class_list":["post-405","page","type-page","status-publish"],"yoast_head":"<!-- This site is optimized with the Yoast SEO plugin v27.3 - https:\/\/yoast.com\/product\/yoast-seo-wordpress\/ -->\n<title>Pribatutasun politika - Pedro Irusta Mendieta: Comunicaci\u00f3n p\u00fablica<\/title>\n<meta name=\"robots\" content=\"noindex, nofollow\" \/>\n<meta property=\"og:locale\" content=\"eu_ES\" \/>\n<meta property=\"og:type\" content=\"article\" \/>\n<meta property=\"og:title\" content=\"Pribatutasun politika - Pedro Irusta Mendieta: Comunicaci\u00f3n p\u00fablica\" \/>\n<meta property=\"og:description\" content=\"En cumplimiento de lo establecido en la\u00a0Ley Org\u00e1nica de Protecci\u00f3n de Datos de Car\u00e1cter Personal\u00a0y el Reglamento (UE) 2016\/679 del Parlamento Europeo y del Consejo le informamos que mediante la cumplimentaci\u00f3n de los formularios presentes en la website pedroirustamendieta.com est\u00e1 dando el consentimiento expreso,\u00a0 as\u00ed como de todos los datos de car\u00e1cter personal que proporcione ... Irakurri gehiago\" \/>\n<meta property=\"og:url\" content=\"https:\/\/pedroirustamendieta.com\/eu\/pribatutasun-politika\/\" \/>\n<meta property=\"og:site_name\" content=\"Pedro Irusta Mendieta: Comunicaci\u00f3n p\u00fablica\" \/>\n<meta property=\"article:modified_time\" content=\"2024-12-25T22:01:20+00:00\" \/>\n<meta name=\"twitter:card\" content=\"summary_large_image\" \/>\n<meta name=\"twitter:site\" content=\"@Pedro__Irusta\" \/>\n<meta name=\"twitter:label1\" content=\"Est. reading time\" \/>\n\t<meta name=\"twitter:data1\" content=\"5 minutes\" \/>\n<script type=\"application\/ld+json\" class=\"yoast-schema-graph\">{\"@context\":\"https:\\\/\\\/schema.org\",\"@graph\":[{\"@type\":\"WebPage\",\"@id\":\"https:\\\/\\\/pedroirustamendieta.com\\\/eu\\\/pribatutasun-politika\\\/\",\"url\":\"https:\\\/\\\/pedroirustamendieta.com\\\/eu\\\/pribatutasun-politika\\\/\",\"name\":\"Pribatutasun politika - Pedro Irusta Mendieta: Comunicaci\u00f3n p\u00fablica\",\"isPartOf\":{\"@id\":\"https:\\\/\\\/pedroirustamendieta.com\\\/es\\\/#website\"},\"datePublished\":\"2019-02-08T08:35:20+00:00\",\"dateModified\":\"2024-12-25T22:01:20+00:00\",\"breadcrumb\":{\"@id\":\"https:\\\/\\\/pedroirustamendieta.com\\\/eu\\\/pribatutasun-politika\\\/#breadcrumb\"},\"inLanguage\":\"eu-ES\",\"potentialAction\":[{\"@type\":\"ReadAction\",\"target\":[\"https:\\\/\\\/pedroirustamendieta.com\\\/eu\\\/pribatutasun-politika\\\/\"]}]},{\"@type\":\"BreadcrumbList\",\"@id\":\"https:\\\/\\\/pedroirustamendieta.com\\\/eu\\\/pribatutasun-politika\\\/#breadcrumb\",\"itemListElement\":[{\"@type\":\"ListItem\",\"position\":1,\"name\":\"Portada\",\"item\":\"https:\\\/\\\/pedroirustamendieta.com\\\/eu\\\/hasiera\\\/\"},{\"@type\":\"ListItem\",\"position\":2,\"name\":\"Pribatutasun politika\"}]},{\"@type\":\"WebSite\",\"@id\":\"https:\\\/\\\/pedroirustamendieta.com\\\/es\\\/#website\",\"url\":\"https:\\\/\\\/pedroirustamendieta.com\\\/es\\\/\",\"name\":\"Pedro Irusta Mendieta: Comunicaci\u00f3n y Transparencia en las administraciones p\u00fablicas\",\"description\":\"Blog de Comunicaci\u00f3n y administraciones p\u00fablicas\",\"publisher\":{\"@id\":\"https:\\\/\\\/pedroirustamendieta.com\\\/es\\\/#\\\/schema\\\/person\\\/b5123b985a77b0db9e354a1134eb3087\"},\"potentialAction\":[{\"@type\":\"SearchAction\",\"target\":{\"@type\":\"EntryPoint\",\"urlTemplate\":\"https:\\\/\\\/pedroirustamendieta.com\\\/es\\\/?s={search_term_string}\"},\"query-input\":{\"@type\":\"PropertyValueSpecification\",\"valueRequired\":true,\"valueName\":\"search_term_string\"}}],\"inLanguage\":\"eu-ES\"},{\"@type\":[\"Person\",\"Organization\"],\"@id\":\"https:\\\/\\\/pedroirustamendieta.com\\\/es\\\/#\\\/schema\\\/person\\\/b5123b985a77b0db9e354a1134eb3087\",\"name\":\"Pedro Irusta Mendieta\",\"image\":{\"@type\":\"ImageObject\",\"inLanguage\":\"eu-ES\",\"@id\":\"https:\\\/\\\/pedroirustamendieta.com\\\/wp-content\\\/uploads\\\/2019\\\/02\\\/pedro-irusta-mendieta.png\",\"url\":\"https:\\\/\\\/pedroirustamendieta.com\\\/wp-content\\\/uploads\\\/2019\\\/02\\\/pedro-irusta-mendieta.png\",\"contentUrl\":\"https:\\\/\\\/pedroirustamendieta.com\\\/wp-content\\\/uploads\\\/2019\\\/02\\\/pedro-irusta-mendieta.png\",\"width\":375,\"height\":53,\"caption\":\"Pedro Irusta Mendieta\"},\"logo\":{\"@id\":\"https:\\\/\\\/pedroirustamendieta.com\\\/wp-content\\\/uploads\\\/2019\\\/02\\\/pedro-irusta-mendieta.png\"},\"description\":\"Periodista y funcionario local, especializado en comunicaci\u00f3n institucional.\",\"sameAs\":[\"https:\\\/\\\/pedroirustamendieta.com\\\/\",\"https:\\\/\\\/www.instagram.com\\\/pedroirustamendieta\",\"https:\\\/\\\/x.com\\\/Pedro__Irusta\"]}]}<\/script>\n<!-- \/ Yoast SEO plugin. -->","yoast_head_json":{"title":"Pribatutasun politika - Pedro Irusta Mendieta: Comunicaci\u00f3n p\u00fablica","robots":{"index":"noindex","follow":"nofollow"},"og_locale":"eu_ES","og_type":"article","og_title":"Pribatutasun politika - Pedro Irusta Mendieta: Comunicaci\u00f3n p\u00fablica","og_description":"En cumplimiento de lo establecido en la\u00a0Ley Org\u00e1nica de Protecci\u00f3n de Datos de Car\u00e1cter Personal\u00a0y el Reglamento (UE) 2016\/679 del Parlamento Europeo y del Consejo le informamos que mediante la cumplimentaci\u00f3n de los formularios presentes en la website pedroirustamendieta.com est\u00e1 dando el consentimiento expreso,\u00a0 as\u00ed como de todos los datos de car\u00e1cter personal que proporcione ... Irakurri gehiago","og_url":"https:\/\/pedroirustamendieta.com\/eu\/pribatutasun-politika\/","og_site_name":"Pedro Irusta Mendieta: Comunicaci\u00f3n p\u00fablica","article_modified_time":"2024-12-25T22:01:20+00:00","twitter_card":"summary_large_image","twitter_site":"@Pedro__Irusta","twitter_misc":{"Est. reading time":"5 minutes"},"schema":{"@context":"https:\/\/schema.org","@graph":[{"@type":"WebPage","@id":"https:\/\/pedroirustamendieta.com\/eu\/pribatutasun-politika\/","url":"https:\/\/pedroirustamendieta.com\/eu\/pribatutasun-politika\/","name":"Pribatutasun politika - Pedro Irusta Mendieta: Comunicaci\u00f3n p\u00fablica","isPartOf":{"@id":"https:\/\/pedroirustamendieta.com\/es\/#website"},"datePublished":"2019-02-08T08:35:20+00:00","dateModified":"2024-12-25T22:01:20+00:00","breadcrumb":{"@id":"https:\/\/pedroirustamendieta.com\/eu\/pribatutasun-politika\/#breadcrumb"},"inLanguage":"eu-ES","potentialAction":[{"@type":"ReadAction","target":["https:\/\/pedroirustamendieta.com\/eu\/pribatutasun-politika\/"]}]},{"@type":"BreadcrumbList","@id":"https:\/\/pedroirustamendieta.com\/eu\/pribatutasun-politika\/#breadcrumb","itemListElement":[{"@type":"ListItem","position":1,"name":"Portada","item":"https:\/\/pedroirustamendieta.com\/eu\/hasiera\/"},{"@type":"ListItem","position":2,"name":"Pribatutasun politika"}]},{"@type":"WebSite","@id":"https:\/\/pedroirustamendieta.com\/es\/#website","url":"https:\/\/pedroirustamendieta.com\/es\/","name":"Pedro Irusta Mendieta: Comunicaci\u00f3n y Transparencia en las administraciones p\u00fablicas","description":"Blog de Comunicaci\u00f3n y administraciones p\u00fablicas","publisher":{"@id":"https:\/\/pedroirustamendieta.com\/es\/#\/schema\/person\/b5123b985a77b0db9e354a1134eb3087"},"potentialAction":[{"@type":"SearchAction","target":{"@type":"EntryPoint","urlTemplate":"https:\/\/pedroirustamendieta.com\/es\/?s={search_term_string}"},"query-input":{"@type":"PropertyValueSpecification","valueRequired":true,"valueName":"search_term_string"}}],"inLanguage":"eu-ES"},{"@type":["Person","Organization"],"@id":"https:\/\/pedroirustamendieta.com\/es\/#\/schema\/person\/b5123b985a77b0db9e354a1134eb3087","name":"Pedro Irusta Mendieta","image":{"@type":"ImageObject","inLanguage":"eu-ES","@id":"https:\/\/pedroirustamendieta.com\/wp-content\/uploads\/2019\/02\/pedro-irusta-mendieta.png","url":"https:\/\/pedroirustamendieta.com\/wp-content\/uploads\/2019\/02\/pedro-irusta-mendieta.png","contentUrl":"https:\/\/pedroirustamendieta.com\/wp-content\/uploads\/2019\/02\/pedro-irusta-mendieta.png","width":375,"height":53,"caption":"Pedro Irusta Mendieta"},"logo":{"@id":"https:\/\/pedroirustamendieta.com\/wp-content\/uploads\/2019\/02\/pedro-irusta-mendieta.png"},"description":"Periodista y funcionario local, especializado en comunicaci\u00f3n institucional.","sameAs":["https:\/\/pedroirustamendieta.com\/","https:\/\/www.instagram.com\/pedroirustamendieta","https:\/\/x.com\/Pedro__Irusta"]}]}},"_links":{"self":[{"href":"https:\/\/pedroirustamendieta.com\/eu\/wp-json\/wp\/v2\/pages\/405","targetHints":{"allow":["GET"]}}],"collection":[{"href":"https:\/\/pedroirustamendieta.com\/eu\/wp-json\/wp\/v2\/pages"}],"about":[{"href":"https:\/\/pedroirustamendieta.com\/eu\/wp-json\/wp\/v2\/types\/page"}],"author":[{"embeddable":true,"href":"https:\/\/pedroirustamendieta.com\/eu\/wp-json\/wp\/v2\/users\/2"}],"replies":[{"embeddable":true,"href":"https:\/\/pedroirustamendieta.com\/eu\/wp-json\/wp\/v2\/comments?post=405"}],"version-history":[{"count":1,"href":"https:\/\/pedroirustamendieta.com\/eu\/wp-json\/wp\/v2\/pages\/405\/revisions"}],"predecessor-version":[{"id":951,"href":"https:\/\/pedroirustamendieta.com\/eu\/wp-json\/wp\/v2\/pages\/405\/revisions\/951"}],"wp:attachment":[{"href":"https:\/\/pedroirustamendieta.com\/eu\/wp-json\/wp\/v2\/media?parent=405"}],"curies":[{"name":"wp","href":"https:\/\/api.w.org\/{rel}","templated":true}]}}