{"id":387,"date":"2019-02-07T16:44:03","date_gmt":"2019-02-07T15:44:03","guid":{"rendered":"https:\/\/pedroirustamendieta.com\/?page_id=387"},"modified":"2024-12-23T23:29:31","modified_gmt":"2024-12-23T22:29:31","slug":"aviso-legal","status":"publish","type":"page","link":"https:\/\/pedroirustamendieta.com\/es\/aviso-legal\/","title":{"rendered":"Aviso Legal"},"content":{"rendered":"<p><strong>En cumplimiento del deber de informaci\u00f3n recogido en el art\u00edculo 10 de la Ley 34\/2002 de 11 de julio de Servicios de la Sociedad de la Informaci\u00f3n y de Comercio Electr\u00f3nico<\/strong> <strong>(LSSICE), a continuaci\u00f3n se hace constar<\/strong>:<\/p>\n<h2 data-pm-slice=\"1 1 []\"><strong>1. Datos identificativos<\/strong><\/h2>\n<p>La titularidad del dominio de la p\u00e1gina web pedroirustamendieta.com corresponde a Pedro Irusta Mendieta. Para cualquier consulta, puede contactar mediante correo electr\u00f3nico en info@pedroirustamendieta.com.<\/p>\n<h2 data-pm-slice=\"1 1 []\"><strong>2. Condiciones de Uso<\/strong><\/h2>\n<p data-pm-slice=\"1 1 []\">El acceso y\/o uso de este sitio web atribuye la condici\u00f3n de usuario, que acepta, desde dicho acceso y\/o uso, las presentes condiciones de uso. El usuario se compromete a hacer un uso adecuado de los contenidos y servicios del sitio web.<\/p>\n<h2 data-pm-slice=\"1 1 []\"><strong>3. Propiedad Intelectual e Industrial<\/strong><\/h2>\n<p>Pedro Irusta Mendieta es el \u00fanico y exclusivo titular de los derechos de propiedad intelectual e industrial de su web, as\u00ed como\u00a0de los elementos contenidos en ella.<\/p>\n<p>Quedar\u00e1n expresamente prohibidas la reproducci\u00f3n, la distribuci\u00f3n y la comunicaci\u00f3n p\u00fablica, incluida la modalidad de puesta a disposici\u00f3n, de totalidad o parte de los contenidos de esta web, con fines comerciales, en cualquier soporte y por cualquier medio t\u00e9cnico, sin la autorizaci\u00f3n de Pedro Irusta Mendieta, quedando prohibida su reproducci\u00f3n o distribuci\u00f3n bajo ning\u00fan medio, sin la debida, previa y expresa autorizaci\u00f3n de su titular. El\/la usuario\/a se compromete por tanto, a no reproducir, copiar, distribuir o comunicar p\u00fablicamente cualquier contenido de la web (im\u00e1genes, v\u00eddeos, audios, html\u2026) sin el consentimiento del titular, ni eliminar u obviar el aviso de derechos de autor, lo que exime a la web cualquier acci\u00f3n que no respete esta pol\u00edtica.<\/p>\n<h2 data-pm-slice=\"1 1 []\"><strong>4. Exclusi\u00f3n de Garant\u00edas y Responsabilidad<\/strong><\/h2>\n<p>Pedro Irusta Mendieta no se hace responsable, en ning\u00fan caso, de los da\u00f1os y perjuicios de cualquier naturaleza que pudieran ocasionar, a t\u00edtulo enunciativo: errores u omisiones en los contenidos, falta de disponibilidad del portal o la transmisi\u00f3n de virus o programas maliciosos o lesivos en los contenidos, a pesar de haber adoptado todas las medidas tecnol\u00f3gicas necesarias para evitarlo.<\/p>\n<p>Pedro Irusta Mendieta no garantiza que el contenido de la Web est\u00e9 actualizado, sea completo y exacto o que el contenido no contenga defectos, errores y\/o virus. En ning\u00fan caso Pedro Irusta Mendieta ser\u00e1 responsable de la producci\u00f3n de cualquier tipo de da\u00f1o que las personas usuarias\u00a0o\u00a0terceros pudiesen ocasionar en la Web.<\/p>\n<p>Pedro Irusta Mendieta\u00a0no se hace responsable de los contenidos ni de la veracidad y\/o calidad de la informaci\u00f3n vertida por sus colaboradores, y\/o usuarios, ni de la efectividad, y\/o uso que hagan dichos colaboradores y\/o usuarios de la Web y la informaci\u00f3n en ella contenida.<\/p>\n<p>Pedro Irusta Mendieta no se hace responsable de las aportaciones, opiniones, juicios, comentarios o contenidos que pudieran aportar sus colaboradores\u00a0y\/o usuarios a trav\u00e9s de cualquiera de los mecanismos puestos a disposici\u00f3n, que infrinjan la normativa vigente y\/o lesione derechos de terceros, ni comparte necesariamente las opiniones y contenidos aportados por sus colaboradores, clientes y\/o usuarios. La responsabilidad legal corresponder\u00e1 al colaborador, cliente y\/o usuario que realice la infracci\u00f3n.<\/p>\n<p>Pedro Irusta Mendieta\u00a0excluye con toda la extensi\u00f3n permitida por el ordenamiento jur\u00eddico, cualquier responsabilidad por los da\u00f1os y perjuicios de toda naturaleza que pudieran deberse al conocimiento que puedan tener terceros no autorizados de la clase, condiciones, caracter\u00edsticas y circunstancias del uso que los\/las\u00a0 usuarios\/as hacen de la Web; a la transmisi\u00f3n, difusi\u00f3n, almacenamiento, puesta a disposici\u00f3n, recepci\u00f3n, obtenci\u00f3n o acceso a los contenidos, y en particular, aunque no de modo exclusivo, por los da\u00f1os y perjuicios que puedan deberse a: el incumplimiento de la ley, la moral y las buenas costumbres generalmente aceptadas o el orden p\u00fablico como consecuencia de la transmisi\u00f3n, difusi\u00f3n, almacenamiento, puesta a disposici\u00f3n, recepci\u00f3n, obtenci\u00f3n o acceso a los contenidos.<\/p>\n<p>La falta de veracidad, exactitud, exhaustividad, pertinencia y\/o actualidad de los contenidos.<\/p>\n<p>La inadecuaci\u00f3n para cualquier clase de prop\u00f3sito y la defraudaci\u00f3n de las expectativas generadas por los contenidos.<\/p>\n<p>El incumplimiento, retraso en el cumplimiento, cumplimiento defectuoso o terminaci\u00f3n por cualquier causa de las obligaciones contra\u00eddas por terceros y contratos realizados con terceros a trav\u00e9s de o con motivo del acceso a los contenidos.<\/p>\n<p>Los vicios y defectos de toda clase de los contenidos transmitidos, difundidos, almacenados, puestos a disposici\u00f3n o de otra forma transmitidos o puestos a disposici\u00f3n, recibidos, obtenidos o a los que se haya accedido a trav\u00e9s de la Web.<\/p>\n<h2><strong>5. Derecho de exclusi\u00f3n<\/strong><\/h2>\n<p>Pedro Irusta Mendieta se reserva el derecho a denegar o retirar el acceso al portal sin necesidad de preaviso a los usuarios que incumplan las presentes condiciones generales de uso.<\/p>\n<h2><strong>6. Modificaciones<\/strong><\/h2>\n<p>Pedro Irusta Mendieta se reserva el derecho de efectuar sin previo aviso las modificaciones que considere oportunas en su web, pudiendo cambiar, suprimir o a\u00f1adir tanto los contenidos que se presten a trav\u00e9s de la misma como la forma en la que \u00e9stos aparezcan presentados.<\/p>\n<h2><strong>7. Generalidades<\/strong><\/h2>\n<p>Pedro Irusta Mendieta perseguir\u00e1 el incumplimiento de las presentes condiciones, as\u00ed como cualquier utilizaci\u00f3n indebida de su web ejerciendo todas las acciones civiles y penales que le puedan corresponder en derecho.<\/p>\n<h2 data-pm-slice=\"1 1 []\"><strong>8. Legislaci\u00f3n Aplicable y Jurisdicci\u00f3n<\/strong><\/h2>\n<p data-pm-slice=\"1 1 []\">Estas condiciones se regir\u00e1n por la legislaci\u00f3n espa\u00f1ola. Para la resoluci\u00f3n de cualquier controversia, las partes se someten a los juzgados y tribunales del domicilio del titular.<\/p>\n","protected":false},"excerpt":{"rendered":"<p>En cumplimiento del deber de informaci\u00f3n recogido en el art\u00edculo 10 de la Ley 34\/2002 de 11 de julio de Servicios de la Sociedad de la Informaci\u00f3n y de Comercio Electr\u00f3nico (LSSICE), a continuaci\u00f3n se hace constar: 1. Datos identificativos La titularidad del dominio de la p\u00e1gina web pedroirustamendieta.com corresponde a Pedro Irusta Mendieta. Para &#8230; <a title=\"Aviso Legal\" class=\"read-more\" href=\"https:\/\/pedroirustamendieta.com\/es\/aviso-legal\/\" aria-label=\"M\u00e1s en Aviso Legal\">Leer m\u00e1s<\/a><\/p>\n","protected":false},"author":2,"featured_media":0,"parent":0,"menu_order":0,"comment_status":"closed","ping_status":"closed","template":"","meta":{"episode_type":"","audio_file":"","podmotor_file_id":"","podmotor_episode_id":"","cover_image":"","cover_image_id":"","duration":"","filesize":"","filesize_raw":"","date_recorded":"","explicit":"","block":"","footnotes":""},"class_list":["post-387","page","type-page","status-publish"],"yoast_head":"<!-- This site is optimized with the Yoast SEO plugin v27.3 - https:\/\/yoast.com\/product\/yoast-seo-wordpress\/ -->\n<title>Aviso Legal - Pedro Irusta Mendieta: Comunicaci\u00f3n p\u00fablica<\/title>\n<meta name=\"description\" content=\"Aviso legal de Pedro Irusta Mendieta. Descubre las condiciones de aviso legal.\" \/>\n<meta name=\"robots\" content=\"noindex, nofollow\" \/>\n<meta property=\"og:locale\" content=\"es_ES\" \/>\n<meta property=\"og:type\" content=\"article\" \/>\n<meta property=\"og:title\" content=\"Aviso Legal - Pedro Irusta Mendieta: Comunicaci\u00f3n p\u00fablica\" \/>\n<meta property=\"og:description\" content=\"Aviso legal de Pedro Irusta Mendieta. Descubre las condiciones de aviso legal.\" \/>\n<meta property=\"og:url\" content=\"https:\/\/pedroirustamendieta.com\/es\/aviso-legal\/\" \/>\n<meta property=\"og:site_name\" content=\"Pedro Irusta Mendieta: Comunicaci\u00f3n p\u00fablica\" \/>\n<meta property=\"article:modified_time\" content=\"2024-12-23T22:29:31+00:00\" \/>\n<meta name=\"twitter:card\" content=\"summary_large_image\" \/>\n<meta name=\"twitter:site\" content=\"@Pedro__Irusta\" \/>\n<meta name=\"twitter:label1\" content=\"Tiempo de lectura\" \/>\n\t<meta name=\"twitter:data1\" content=\"4 minutos\" \/>\n<script type=\"application\/ld+json\" class=\"yoast-schema-graph\">{\"@context\":\"https:\\\/\\\/schema.org\",\"@graph\":[{\"@type\":\"WebPage\",\"@id\":\"https:\\\/\\\/pedroirustamendieta.com\\\/es\\\/aviso-legal\\\/\",\"url\":\"https:\\\/\\\/pedroirustamendieta.com\\\/es\\\/aviso-legal\\\/\",\"name\":\"Aviso Legal - Pedro Irusta Mendieta: Comunicaci\u00f3n p\u00fablica\",\"isPartOf\":{\"@id\":\"https:\\\/\\\/pedroirustamendieta.com\\\/es\\\/#website\"},\"datePublished\":\"2019-02-07T15:44:03+00:00\",\"dateModified\":\"2024-12-23T22:29:31+00:00\",\"description\":\"Aviso legal de Pedro Irusta Mendieta. Descubre las condiciones de aviso legal.\",\"breadcrumb\":{\"@id\":\"https:\\\/\\\/pedroirustamendieta.com\\\/es\\\/aviso-legal\\\/#breadcrumb\"},\"inLanguage\":\"es\",\"potentialAction\":[{\"@type\":\"ReadAction\",\"target\":[\"https:\\\/\\\/pedroirustamendieta.com\\\/es\\\/aviso-legal\\\/\"]}]},{\"@type\":\"BreadcrumbList\",\"@id\":\"https:\\\/\\\/pedroirustamendieta.com\\\/es\\\/aviso-legal\\\/#breadcrumb\",\"itemListElement\":[{\"@type\":\"ListItem\",\"position\":1,\"name\":\"Portada\",\"item\":\"https:\\\/\\\/pedroirustamendieta.com\\\/es\\\/\"},{\"@type\":\"ListItem\",\"position\":2,\"name\":\"Aviso Legal\"}]},{\"@type\":\"WebSite\",\"@id\":\"https:\\\/\\\/pedroirustamendieta.com\\\/es\\\/#website\",\"url\":\"https:\\\/\\\/pedroirustamendieta.com\\\/es\\\/\",\"name\":\"Pedro Irusta Mendieta: Comunicaci\u00f3n y Transparencia en las administraciones p\u00fablicas\",\"description\":\"Blog de Comunicaci\u00f3n y administraciones p\u00fablicas\",\"publisher\":{\"@id\":\"https:\\\/\\\/pedroirustamendieta.com\\\/es\\\/#\\\/schema\\\/person\\\/b5123b985a77b0db9e354a1134eb3087\"},\"potentialAction\":[{\"@type\":\"SearchAction\",\"target\":{\"@type\":\"EntryPoint\",\"urlTemplate\":\"https:\\\/\\\/pedroirustamendieta.com\\\/es\\\/?s={search_term_string}\"},\"query-input\":{\"@type\":\"PropertyValueSpecification\",\"valueRequired\":true,\"valueName\":\"search_term_string\"}}],\"inLanguage\":\"es\"},{\"@type\":[\"Person\",\"Organization\"],\"@id\":\"https:\\\/\\\/pedroirustamendieta.com\\\/es\\\/#\\\/schema\\\/person\\\/b5123b985a77b0db9e354a1134eb3087\",\"name\":\"Pedro Irusta Mendieta\",\"image\":{\"@type\":\"ImageObject\",\"inLanguage\":\"es\",\"@id\":\"https:\\\/\\\/pedroirustamendieta.com\\\/wp-content\\\/uploads\\\/2019\\\/02\\\/pedro-irusta-mendieta.png\",\"url\":\"https:\\\/\\\/pedroirustamendieta.com\\\/wp-content\\\/uploads\\\/2019\\\/02\\\/pedro-irusta-mendieta.png\",\"contentUrl\":\"https:\\\/\\\/pedroirustamendieta.com\\\/wp-content\\\/uploads\\\/2019\\\/02\\\/pedro-irusta-mendieta.png\",\"width\":375,\"height\":53,\"caption\":\"Pedro Irusta Mendieta\"},\"logo\":{\"@id\":\"https:\\\/\\\/pedroirustamendieta.com\\\/wp-content\\\/uploads\\\/2019\\\/02\\\/pedro-irusta-mendieta.png\"},\"description\":\"Periodista y funcionario local, especializado en comunicaci\u00f3n institucional.\",\"sameAs\":[\"https:\\\/\\\/pedroirustamendieta.com\\\/\",\"https:\\\/\\\/www.instagram.com\\\/pedroirustamendieta\",\"https:\\\/\\\/x.com\\\/Pedro__Irusta\"]}]}<\/script>\n<!-- \/ Yoast SEO plugin. -->","yoast_head_json":{"title":"Aviso Legal - Pedro Irusta Mendieta: Comunicaci\u00f3n p\u00fablica","description":"Aviso legal de Pedro Irusta Mendieta. Descubre las condiciones de aviso legal.","robots":{"index":"noindex","follow":"nofollow"},"og_locale":"es_ES","og_type":"article","og_title":"Aviso Legal - Pedro Irusta Mendieta: Comunicaci\u00f3n p\u00fablica","og_description":"Aviso legal de Pedro Irusta Mendieta. Descubre las condiciones de aviso legal.","og_url":"https:\/\/pedroirustamendieta.com\/es\/aviso-legal\/","og_site_name":"Pedro Irusta Mendieta: Comunicaci\u00f3n p\u00fablica","article_modified_time":"2024-12-23T22:29:31+00:00","twitter_card":"summary_large_image","twitter_site":"@Pedro__Irusta","twitter_misc":{"Tiempo de lectura":"4 minutos"},"schema":{"@context":"https:\/\/schema.org","@graph":[{"@type":"WebPage","@id":"https:\/\/pedroirustamendieta.com\/es\/aviso-legal\/","url":"https:\/\/pedroirustamendieta.com\/es\/aviso-legal\/","name":"Aviso Legal - Pedro Irusta Mendieta: Comunicaci\u00f3n p\u00fablica","isPartOf":{"@id":"https:\/\/pedroirustamendieta.com\/es\/#website"},"datePublished":"2019-02-07T15:44:03+00:00","dateModified":"2024-12-23T22:29:31+00:00","description":"Aviso legal de Pedro Irusta Mendieta. Descubre las condiciones de aviso legal.","breadcrumb":{"@id":"https:\/\/pedroirustamendieta.com\/es\/aviso-legal\/#breadcrumb"},"inLanguage":"es","potentialAction":[{"@type":"ReadAction","target":["https:\/\/pedroirustamendieta.com\/es\/aviso-legal\/"]}]},{"@type":"BreadcrumbList","@id":"https:\/\/pedroirustamendieta.com\/es\/aviso-legal\/#breadcrumb","itemListElement":[{"@type":"ListItem","position":1,"name":"Portada","item":"https:\/\/pedroirustamendieta.com\/es\/"},{"@type":"ListItem","position":2,"name":"Aviso Legal"}]},{"@type":"WebSite","@id":"https:\/\/pedroirustamendieta.com\/es\/#website","url":"https:\/\/pedroirustamendieta.com\/es\/","name":"Pedro Irusta Mendieta: Comunicaci\u00f3n y Transparencia en las administraciones p\u00fablicas","description":"Blog de Comunicaci\u00f3n y administraciones p\u00fablicas","publisher":{"@id":"https:\/\/pedroirustamendieta.com\/es\/#\/schema\/person\/b5123b985a77b0db9e354a1134eb3087"},"potentialAction":[{"@type":"SearchAction","target":{"@type":"EntryPoint","urlTemplate":"https:\/\/pedroirustamendieta.com\/es\/?s={search_term_string}"},"query-input":{"@type":"PropertyValueSpecification","valueRequired":true,"valueName":"search_term_string"}}],"inLanguage":"es"},{"@type":["Person","Organization"],"@id":"https:\/\/pedroirustamendieta.com\/es\/#\/schema\/person\/b5123b985a77b0db9e354a1134eb3087","name":"Pedro Irusta Mendieta","image":{"@type":"ImageObject","inLanguage":"es","@id":"https:\/\/pedroirustamendieta.com\/wp-content\/uploads\/2019\/02\/pedro-irusta-mendieta.png","url":"https:\/\/pedroirustamendieta.com\/wp-content\/uploads\/2019\/02\/pedro-irusta-mendieta.png","contentUrl":"https:\/\/pedroirustamendieta.com\/wp-content\/uploads\/2019\/02\/pedro-irusta-mendieta.png","width":375,"height":53,"caption":"Pedro Irusta Mendieta"},"logo":{"@id":"https:\/\/pedroirustamendieta.com\/wp-content\/uploads\/2019\/02\/pedro-irusta-mendieta.png"},"description":"Periodista y funcionario local, especializado en comunicaci\u00f3n institucional.","sameAs":["https:\/\/pedroirustamendieta.com\/","https:\/\/www.instagram.com\/pedroirustamendieta","https:\/\/x.com\/Pedro__Irusta"]}]}},"_links":{"self":[{"href":"https:\/\/pedroirustamendieta.com\/es\/wp-json\/wp\/v2\/pages\/387","targetHints":{"allow":["GET"]}}],"collection":[{"href":"https:\/\/pedroirustamendieta.com\/es\/wp-json\/wp\/v2\/pages"}],"about":[{"href":"https:\/\/pedroirustamendieta.com\/es\/wp-json\/wp\/v2\/types\/page"}],"author":[{"embeddable":true,"href":"https:\/\/pedroirustamendieta.com\/es\/wp-json\/wp\/v2\/users\/2"}],"replies":[{"embeddable":true,"href":"https:\/\/pedroirustamendieta.com\/es\/wp-json\/wp\/v2\/comments?post=387"}],"version-history":[{"count":6,"href":"https:\/\/pedroirustamendieta.com\/es\/wp-json\/wp\/v2\/pages\/387\/revisions"}],"predecessor-version":[{"id":2906,"href":"https:\/\/pedroirustamendieta.com\/es\/wp-json\/wp\/v2\/pages\/387\/revisions\/2906"}],"wp:attachment":[{"href":"https:\/\/pedroirustamendieta.com\/es\/wp-json\/wp\/v2\/media?parent=387"}],"curies":[{"name":"wp","href":"https:\/\/api.w.org\/{rel}","templated":true}]}}